{"id":16591,"date":"2020-12-24T11:42:42","date_gmt":"2020-12-24T09:42:42","guid":{"rendered":"http:\/\/design-toolkit.recursos.uoc.edu\/coneix-el-toolkit\/"},"modified":"2021-02-09T18:25:55","modified_gmt":"2021-02-09T16:25:55","slug":"conoce-el-toolkit","status":"publish","type":"page","link":"http:\/\/design-toolkit-test.uoc.edu\/es\/conoce-el-toolkit\/","title":{"rendered":"Conoce el Toolkit"},"content":{"rendered":"<p>El <em>Design Toolkit<\/em> de la UOC es la caja de herramientas de dise\u00f1o en forma de fichas de contenidos y recursos de aprendizaje. Los contenidos se presentan ordenados alfab\u00e9ticamente en la p\u00e1gina principal, que ofrece un men\u00fa que los clasifica seg\u00fan su tipolog\u00eda, carater\u00edsticas y atributos. El <em>Design Toolkit<\/em> recoje las herramientas m\u00e1s representativas y utilizadas, especialmente las que se trabajan a lo largo de los diferentes estudios de la UOC: en el <a href=\"https:\/\/estudios.uoc.edu\/es\/grados\/dise%C3%B1o-creacion-digital\/presentacion\" target=\"_blank\" rel=\"noopener noreferrer\">Grado en Dise\u00f1o y Creaci\u00f3n Digitales<\/a> y, especialmente, en el <a href=\"https:\/\/estudios.uoc.edu\/es\/masters-universitarios\/diseno-interaccion-expeciencia-usuario\/presentacion\" target=\"_blank\" rel=\"noopener noreferrer\">M\u00e1ster Universitario en Dise\u00f1o de Interacci\u00f3n y Experiencia de Usuario (UX<\/a>).<\/p>\n<p>La utilidad e idoneidad de las herramientas del <em>toolkit<\/em> depende de cada proyecto en concreto, el contexto en el cual se utilizan y del dise\u00f1ador que las usa. Es por este motivo que las presentamos agrupadas por tipolog\u00eda y ordenadas alfab\u00e9ticamente. Te invitamos a remover la caja de herramientas, navegar por los diferentes m\u00e9todos, principios, modelos, tipos de interacci\u00f3n, miradas y recursos, para familiarizarte con cadauna de las herramientas. De esta forma te resultar\u00e1 m\u00e1s facil comenzarlas a incorporar en tus proyectos de dise\u00f1o.<\/p>\n<p>Te puedes poner en contacto con nosotros a trav\u00e9s de uxed@uoc.edu si identificas alguna errata, echas de menos alguna herramienta o quieres hacer cualquier sugerencia.<\/p>\n<p>&nbsp;<\/p>\n<h3><strong>Coordinaci\u00f3n<\/strong><\/h3>\n<p>Enric Mor<\/p>\n<h3><strong>Coordinaci\u00f3n de la elaboraci\u00f3n de contenidos<\/strong><\/h3>\n<p>En la coordinaci\u00f3n de la elaboraci\u00f3n de los contenidos han participado:<\/p>\n<p>Ferran Gim\u00e9nez<br \/>\nTona Monjo<br \/>\nEnric Mor<br \/>\nSusanna Tesconi<\/p>\n<h3><strong>Autores<\/strong><\/h3>\n<p>En la elaboraci\u00f3n de los contenidos han participado:<\/p>\n<p>Dani Armengol<br \/>\nDavid Casacuberta<br \/>\nJonathan Chac\u00f3n<br \/>\nMuriel Garreta<br \/>\nRomualdo Gondomar<br \/>\nAlberto Mora<br \/>\nJoan Mora<br \/>\nJudith Membrives<br \/>\nTona Monjo<br \/>\nEnric Mor<br \/>\nJavier Nieto<br \/>\nJossie Zambrano<\/p>\n","protected":false},"excerpt":{"rendered":"<p>El Design Toolkit de la UOC es la caja de herramientas de dise\u00f1o en forma de fichas de contenidos y recursos de aprendizaje. Los contenidos se presentan ordenados alfab\u00e9ticamente en la p\u00e1gina principal, que ofrece un men\u00fa que los clasifica seg\u00fan su tipolog\u00eda, carater\u00edsticas y atributos. El Design Toolkit recoje las herramientas m\u00e1s representativas y [&hellip;]<\/p>\n","protected":false},"author":4,"featured_media":0,"parent":0,"menu_order":0,"comment_status":"closed","ping_status":"closed","template":"","meta":[],"_links":{"self":[{"href":"http:\/\/design-toolkit-test.uoc.edu\/es\/wp-json\/wp\/v2\/pages\/16591\/"}],"collection":[{"href":"http:\/\/design-toolkit-test.uoc.edu\/es\/wp-json\/wp\/v2\/pages\/"}],"about":[{"href":"http:\/\/design-toolkit-test.uoc.edu\/es\/wp-json\/wp\/v2\/types\/page\/"}],"author":[{"embeddable":true,"href":"http:\/\/design-toolkit-test.uoc.edu\/es\/wp-json\/wp\/v2\/users\/4\/"}],"replies":[{"embeddable":true,"href":"http:\/\/design-toolkit-test.uoc.edu\/es\/wp-json\/wp\/v2\/comments\/?post=16591"}],"version-history":[{"count":8,"href":"http:\/\/design-toolkit-test.uoc.edu\/es\/wp-json\/wp\/v2\/pages\/16591\/revisions\/"}],"predecessor-version":[{"id":18032,"href":"http:\/\/design-toolkit-test.uoc.edu\/es\/wp-json\/wp\/v2\/pages\/16591\/revisions\/18032\/"}],"wp:attachment":[{"href":"http:\/\/design-toolkit-test.uoc.edu\/es\/wp-json\/wp\/v2\/media\/?parent=16591"}],"curies":[{"name":"wp","href":"https:\/\/api.w.org\/{rel}","templated":true}]}}