{"id":16592,"date":"2020-12-24T11:43:40","date_gmt":"2020-12-24T09:43:40","guid":{"rendered":"http:\/\/design-toolkit.recursos.uoc.edu\/guies\/"},"modified":"2021-01-27T21:06:42","modified_gmt":"2021-01-27T19:06:42","slug":"guias","status":"publish","type":"page","link":"http:\/\/design-toolkit-test.uoc.edu\/es\/guias\/","title":{"rendered":"Gu\u00edas"},"content":{"rendered":"<p>El\u00a0<em>Design Toolkit<\/em> de la UOC est\u00e1 formado por un conjunto de recursos de aprendizaje en formato ficha de contenidos. Algunas de estas fichas tienen una gu\u00eda asociada que ampl\u00eda el contenido y proporciona pautas espec\u00edficas para su ejecuci\u00f3n. Para facilitar el acceso a las gu\u00edas, a continuaci\u00f3n presentamos su listado:<\/p>\n<ul>\n<li><a href=\"http:\/\/design-toolkit-test.uoc.edu\/es\/guia\/arquitectura-de-la-informacion\/\" target=\"_blank\" rel=\"noopener noreferrer\">Gu\u00eda Arquitectura de la informaci\u00f3n<\/a><\/li>\n<li><a href=\"http:\/\/design-toolkit-test.uoc.edu\/es\/guia\/benchmarking\/\" target=\"_blank\" rel=\"noopener noreferrer\">Gu\u00eda <em>Benchmarking<\/em><\/a><\/li>\n<li><a href=\"http:\/\/design-toolkit-test.uoc.edu\/es\/guia\/card-sorting\/\" target=\"_blank\" rel=\"noopener noreferrer\">Gu\u00eda <em>Card sorting<\/em><\/a><\/li>\n<li><a href=\"http:\/\/design-toolkit-test.uoc.edu\/es\/guia\/cuestionarios\/\" target=\"_blank\" rel=\"noopener noreferrer\">Gu\u00eda Cuestionarios<\/a><\/li>\n<li><a href=\"http:\/\/design-toolkit-test.uoc.edu\/es\/guia\/diagrama-de-flujo\/\" target=\"_blank\" rel=\"noopener noreferrer\">Gu\u00eda Diagrama de flujo<\/a><\/li>\n<li><a href=\"http:\/\/design-toolkit-test.uoc.edu\/es\/guia\/escenarios\/\" target=\"_blank\" rel=\"noopener noreferrer\">Gu\u00eda Escenarios<\/a><\/li>\n<li><a href=\"http:\/\/design-toolkit-test.uoc.edu\/es\/guia\/evaluacion-heuristica\/\" target=\"_blank\" rel=\"noopener noreferrer\">Gu\u00eda Evaluaci\u00f3n heur\u00edstica<\/a><\/li>\n<li><a href=\"http:\/\/design-toolkit-test.uoc.edu\/es\/guia\/experience-map\/\" target=\"_blank\" rel=\"noopener noreferrer\">Gu\u00eda <em>Experience map<\/em><\/a><\/li>\n<li><a href=\"http:\/\/design-toolkit-test.uoc.edu\/es\/guia\/mapa-conceptual\/\" target=\"_blank\" rel=\"noopener noreferrer\">Gu\u00eda Mapa conceptual<\/a><\/li>\n<li><a href=\"http:\/\/design-toolkit-test.uoc.edu\/es\/guia\/observacion-contextual\/\" target=\"_blank\" rel=\"noopener noreferrer\">Gu\u00eda Observaci\u00f3n contextual<\/a><\/li>\n<li><a href=\"http:\/\/design-toolkit-test.uoc.edu\/es\/guia\/persona\/\" target=\"_blank\" rel=\"noopener noreferrer\">Gu\u00eda <em>Persona<\/em><\/a><\/li>\n<li><a href=\"http:\/\/design-toolkit-test.uoc.edu\/es\/guia\/prototipado\/\" target=\"_blank\" rel=\"noopener noreferrer\">Gu\u00eda Prototipado<\/a><\/li>\n<li><a href=\"http:\/\/design-toolkit-test.uoc.edu\/es\/guia\/storyboard\/\" target=\"_blank\" rel=\"noopener noreferrer\">Gu\u00eda <em>Storyboard<\/em><\/a><\/li>\n<li><a href=\"http:\/\/design-toolkit-test.uoc.edu\/es\/guia\/test-con-usuarios\/\" target=\"_blank\" rel=\"noopener noreferrer\">Gu\u00eda Test con usuarios<\/a><\/li>\n<li><a href=\"http:\/\/design-toolkit-test.uoc.edu\/es\/guia\/tree-testing\/\" target=\"_blank\" rel=\"noopener noreferrer\">Gu\u00eda<em> Tree testing<\/em><\/a><\/li>\n<li><a href=\"http:\/\/design-toolkit-test.uoc.edu\/es\/guia\/user-journey\/\" target=\"_blank\" rel=\"noopener noreferrer\">Gu\u00eda <em>User journey<\/em><\/a><\/li>\n<\/ul>\n","protected":false},"excerpt":{"rendered":"<p>El\u00a0Design Toolkit de la UOC est\u00e1 formado por un conjunto de recursos de aprendizaje en formato ficha de contenidos. Algunas de estas fichas tienen una gu\u00eda asociada que ampl\u00eda el contenido y proporciona pautas espec\u00edficas para su ejecuci\u00f3n. Para facilitar el acceso a las gu\u00edas, a continuaci\u00f3n presentamos su listado: Gu\u00eda Arquitectura de la informaci\u00f3n [&hellip;]<\/p>\n","protected":false},"author":4,"featured_media":0,"parent":0,"menu_order":0,"comment_status":"closed","ping_status":"closed","template":"","meta":[],"_links":{"self":[{"href":"http:\/\/design-toolkit-test.uoc.edu\/es\/wp-json\/wp\/v2\/pages\/16592\/"}],"collection":[{"href":"http:\/\/design-toolkit-test.uoc.edu\/es\/wp-json\/wp\/v2\/pages\/"}],"about":[{"href":"http:\/\/design-toolkit-test.uoc.edu\/es\/wp-json\/wp\/v2\/types\/page\/"}],"author":[{"embeddable":true,"href":"http:\/\/design-toolkit-test.uoc.edu\/es\/wp-json\/wp\/v2\/users\/4\/"}],"replies":[{"embeddable":true,"href":"http:\/\/design-toolkit-test.uoc.edu\/es\/wp-json\/wp\/v2\/comments\/?post=16592"}],"version-history":[{"count":7,"href":"http:\/\/design-toolkit-test.uoc.edu\/es\/wp-json\/wp\/v2\/pages\/16592\/revisions\/"}],"predecessor-version":[{"id":17611,"href":"http:\/\/design-toolkit-test.uoc.edu\/es\/wp-json\/wp\/v2\/pages\/16592\/revisions\/17611\/"}],"wp:attachment":[{"href":"http:\/\/design-toolkit-test.uoc.edu\/es\/wp-json\/wp\/v2\/media\/?parent=16592"}],"curies":[{"name":"wp","href":"https:\/\/api.w.org\/{rel}","templated":true}]}}