{"id":16593,"date":"2020-12-24T11:43:57","date_gmt":"2020-12-24T09:43:57","guid":{"rendered":"http:\/\/design-toolkit.recursos.uoc.edu\/mapa\/"},"modified":"2021-06-08T13:53:07","modified_gmt":"2021-06-08T11:53:07","slug":"mapas","status":"publish","type":"page","link":"http:\/\/design-toolkit-test.uoc.edu\/es\/mapas\/","title":{"rendered":"Mapas"},"content":{"rendered":"<h2>Proceso y M\u00e9todos de Dise\u00f1o Centrado en las Personas<\/h2>\n<p>Proponemos una infograf\u00eda a partir del <a href=\"http:\/\/design-toolkit-test.uoc.edu\/es\/diseno-centrado-en-las-personas\/\" target=\"_blank\" rel=\"noopener noreferrer\">proceso de dise\u00f1o centrado en los personas<\/a> y de los m\u00e9todos de dise\u00f1o que ofrece el <em>Design Toolkit<\/em> de la UOC. Esta infograf\u00eda funciona como un mapa que no solo tiene que ser observado sino tambi\u00e9n manipulado. Es un mapa que se puede adaptar a cada situaci\u00f3n y proyecto de dise\u00f1o y, as\u00ed, nos ayuda a ver de qu\u00e9 manera los diferentes m\u00e9todos de dise\u00f1o son articulables y que cada proyecto plantea un proceso plano de trabajo espec\u00edfico. A trav\u00e9s de esta infograf\u00eda puedes hacer un inventario de las herramientas de dise\u00f1o que vas utilizando, asoci\u00e1ndolas a las diferentes etapas de tu proyecto.<\/p>\n<p><img loading=\"lazy\" class=\"aligncenter size-full wp-image-17425 my-image\" src=\"\/wp-content\/uploads\/2021\/01\/PID_00278677_mapa.jpg\" alt=\"\" width=\"620\" height=\"437\" srcset=\"\/wp-content\/uploads\/2021\/01\/PID_00278677_mapa.jpg 620w, \/wp-content\/uploads\/2021\/01\/PID_00278677_mapa-300x211.jpg 300w\" sizes=\"(max-width: 620px) 100vw, 620px\" \/><\/p>\n<p>&nbsp;<\/p>\n<p><button style=\"background-color: #73edff; border: none; color: #000078; text-align: center; text-decoration: none; display: inline-block; padding: 1em 1em 1em 1em; cursor: pointer;\"><b><a style=\"text-decoration: none; color: #000078;\" href=\"\/wp-content\/uploads\/2021\/02\/Design_Toolkit_UOC_Proceso_y_Metodos_DCP.pdf\" target=\"_blank\" rel=\"noopener noreferrer\">Infograf\u00eda en formato PDF<\/a><\/b><\/button><\/p>\n<p><button style=\"background-color: #73edff; border: none; color: #000078; text-align: center; text-decoration: none; display: inline-block; padding: 1em 1em 1em 1em; cursor: pointer;\"><b><a style=\"text-decoration: none; color: #000078;\" href=\"\/wp-content\/uploads\/2021\/02\/Design_Toolkit_UOC_Proceso_y_Metodos_DCP.jpg\" target=\"_blank\" rel=\"noopener noreferrer\">Infograf\u00eda en formato JPEG<\/a><\/b><\/button><\/p>\n","protected":false},"excerpt":{"rendered":"<p>Proceso y M\u00e9todos de Dise\u00f1o Centrado en las Personas Proponemos una infograf\u00eda a partir del proceso de dise\u00f1o centrado en los personas y de los m\u00e9todos de dise\u00f1o que ofrece el Design Toolkit de la UOC. Esta infograf\u00eda funciona como un mapa que no solo tiene que ser observado sino tambi\u00e9n manipulado. Es un mapa [&hellip;]<\/p>\n","protected":false},"author":4,"featured_media":0,"parent":0,"menu_order":0,"comment_status":"closed","ping_status":"closed","template":"","meta":[],"_links":{"self":[{"href":"http:\/\/design-toolkit-test.uoc.edu\/es\/wp-json\/wp\/v2\/pages\/16593\/"}],"collection":[{"href":"http:\/\/design-toolkit-test.uoc.edu\/es\/wp-json\/wp\/v2\/pages\/"}],"about":[{"href":"http:\/\/design-toolkit-test.uoc.edu\/es\/wp-json\/wp\/v2\/types\/page\/"}],"author":[{"embeddable":true,"href":"http:\/\/design-toolkit-test.uoc.edu\/es\/wp-json\/wp\/v2\/users\/4\/"}],"replies":[{"embeddable":true,"href":"http:\/\/design-toolkit-test.uoc.edu\/es\/wp-json\/wp\/v2\/comments\/?post=16593"}],"version-history":[{"count":11,"href":"http:\/\/design-toolkit-test.uoc.edu\/es\/wp-json\/wp\/v2\/pages\/16593\/revisions\/"}],"predecessor-version":[{"id":18358,"href":"http:\/\/design-toolkit-test.uoc.edu\/es\/wp-json\/wp\/v2\/pages\/16593\/revisions\/18358\/"}],"wp:attachment":[{"href":"http:\/\/design-toolkit-test.uoc.edu\/es\/wp-json\/wp\/v2\/media\/?parent=16593"}],"curies":[{"name":"wp","href":"https:\/\/api.w.org\/{rel}","templated":true}]}}